{"id":4587,"date":"2021-05-28T15:43:28","date_gmt":"2021-05-28T13:43:28","guid":{"rendered":"https:\/\/www.rikostav.sk\/?page_id=4587"},"modified":"2021-05-31T14:28:43","modified_gmt":"2021-05-31T12:28:43","slug":"ueber-uns","status":"publish","type":"page","link":"https:\/\/www.rikostav.sk\/de\/ueber-uns\/","title":{"rendered":"\u00dcber uns"},"content":{"rendered":"<p>[et_pb_section fb_built=&#8220;1&#8243; fullwidth=&#8220;on&#8220; _builder_version=&#8220;4.9.0&#8243; saved_tabs=&#8220;all&#8220;][et_pb_fullwidth_header title=&#8220;@ET-DC@eyJkeW5hbWljIjp0cnVlLCJjb250ZW50IjoicG9zdF90aXRsZSIsInNldHRpbmdzIjp7ImJlZm9yZSI6IiIsImFmdGVyIjoiIn19@&#8220; _builder_version=&#8220;4.9.0&#8243; _dynamic_attributes=&#8220;title&#8220; title_font=&#8220;|700||on|||||&#8220; background_color=&#8220;#282663&#8243;][\/et_pb_fullwidth_header][\/et_pb_section][et_pb_section fb_built=&#8220;1&#8243; _builder_version=&#8220;4.4.7&#8243;][et_pb_row _builder_version=&#8220;4.4.7&#8243;][et_pb_column type=&#8220;4_4&#8243; _builder_version=&#8220;4.4.7&#8243;][et_pb_text _builder_version=&#8220;4.9.4&#8243; header_2_font=&#8220;|700||on|||||&#8220; header_2_text_color=&#8220;#ec2227&#8243; header_2_font_size=&#8220;29px&#8220; hover_enabled=&#8220;0&#8243; sticky_enabled=&#8220;0&#8243;]<\/p>\n<div class=\"av-special-heading av-special-heading-h1  blockquote classic-quote  avia-builder-el-4  el_before_av_textblock  avia-builder-el-first   \">\n<div class=\"av-special-heading av-special-heading-h3  blockquote classic-quote  avia-builder-el-4  el_before_av_textblock  avia-builder-el-first   \">\n<h2 class=\"av-special-heading-tag \" itemprop=\"headline\" style=\"text-align: center;\">WIR SIND RIKOSTAV CONTAINER<\/h2>\n<\/div>\n<section class=\"av_textblock_section \" itemscope=\"itemscope\" itemtype=\"https:\/\/schema.org\/CreativeWork\">\n<div class=\"avia_textblock  \" itemprop=\"text\"><\/div>\n<\/section>\n<\/div>\n<section class=\"av_textblock_section \">\n<div class=\"avia_textblock  \"><\/div>\n<\/section>\n<p>[\/et_pb_text][\/et_pb_column][\/et_pb_row][et_pb_row _builder_version=&#8220;4.4.7&#8243;][et_pb_column type=&#8220;4_4&#8243; _builder_version=&#8220;4.4.7&#8243;][et_pb_text _builder_version=&#8220;4.9.4&#8243;]<\/p>\n<p style=\"text-align: justify;\">RIKOSTAV CONTAINER, s.r.o. ist ein renommiertes Unternehmen, das sich mit dem Bau, Verkauf und Vermieten von Wohn-, B\u00fcro-, Sanit\u00e4r- und Lagercontainer besch\u00e4ftigt. Unser Unternehmen besch\u00e4ftigt sich auch mit dem Bau von Montageh\u00e4user. Der Bau von Montageh\u00e4user bedeutet die komplette Lieferung des schl\u00fcsselfertigen Fertighauses. Unsere Produkte garantieren hohe Qualit\u00e4t und erf\u00fcllen alle Forderungen des modernen Bauwerks.<\/p>\n<p style=\"text-align: justify;\">Das Unternehmen passt sich immer verschiedenen Aufforderungen an, beachtet die Normen desjenigen Landes und herstellt die Produkte in Bezug auf W\u00fcnsche und Anspr\u00fcche von Kunden.<\/p>\n<p style=\"text-align: justify;\">Wir sind Unternehmen, das sich mit dem Bau, Verkauf und Vermieten von Wohn-, B\u00fcro-, Sanit\u00e4r- und Lagercontainer besch\u00e4ftigt. Unser Unternehmen besch\u00e4ftigt sich auch mit dem Bau von Montageh\u00e4user. Der Bau von Montageh\u00e4user bedeutet die komplette Lieferung des schl\u00fcsselfertigen Fertighauses. Unsere Produkte garantieren hohe Qualit\u00e4t und erf\u00fcllen alle Forderungen des modernen Bauwerks.<\/p>\n<p style=\"text-align: justify;\">Unser Hauptvorteil sind Operativkraft, Flexibilit\u00e4t und schnelle und qualit\u00e4tsgerechte Durchf\u00fchrung des Bauwerks von Vertragsunterzeichnung bis Fertigstellung und \u00dcbergabe an Kunden.<\/p>\n<p style=\"text-align: justify;\">Modularh\u00e4user und Modularbauten liefern wir entweder anhand Projektdokumentation gerichtet nach W\u00fcnschen von Kunden oder auch in der Form des typisierten Modularhauses aus unserem Katalog.<\/p>\n<p style=\"text-align: justify;\">Seit der Firmenentstehung haben wir viele Wohnh\u00e4user, B\u00fcrogeb\u00e4ude, Kinderg\u00e4rten, Schulen, Studentenwohnheime und andere Geb\u00e4ude gebaut.<\/p>\n<p style=\"text-align: justify;\">Wir bauen meistens f\u00fcr die EU-L\u00e4nder, insbesondere f\u00fcr Deutschland, Belgien, Niederlande und Frankreich. In der Gegenwart besch\u00e4ftigen wir uns intensiv mit der Herstellung der Familienh\u00e4user f\u00fcr die Slowakei und Tschechien.<\/p>\n<p style=\"text-align: justify;\">Das Unternehmen passt sich immer verschiedenen Aufforderungen an, beachtet die Normen desjenigen Landes und herstellt die Produkte in Bezug auf W\u00fcnsche und Anspr\u00fcche von Kunden. Wir haben Erfahrung mit verschiedenen Bauarten unter mehreren klimatischen Bedingungen.<\/p>\n<p>[\/et_pb_text][et_pb_text _builder_version=&#8220;4.9.0&#8243; _module_preset=&#8220;default&#8220;]ngg_shortcode_0_placeholder[\/et_pb_text][\/et_pb_column][\/et_pb_row][\/et_pb_section][et_pb_section fb_built=&#8220;1&#8243; _builder_version=&#8220;4.9.0&#8243; background_color=&#8220;gcid-b40f3e1f-1689-402f-9f34-d73fb856749f&#8220; custom_padding=&#8220;||20px|||&#8220; global_module=&#8220;257&#8243; saved_tabs=&#8220;all&#8220; global_colors_info=&#8220;{%22gcid-b40f3e1f-1689-402f-9f34-d73fb856749f%22:%91%22background_color%22%93}&#8220;][et_pb_row _builder_version=&#8220;4.4.7&#8243;][et_pb_column type=&#8220;4_4&#8243; _builder_version=&#8220;4.4.7&#8243;][et_pb_text admin_label=&#8220;Tittle&#8220; _builder_version=&#8220;4.9.4&#8243; text_font=&#8220;Nunito||||||||&#8220; text_font_size=&#8220;18px&#8220; text_line_height=&#8220;1.8em&#8220; header_font=&#8220;||||||||&#8220; header_2_font=&#8220;|700||on|||||&#8220; header_2_text_align=&#8220;center&#8220; header_2_text_color=&#8220;#ffffff&#8220; header_2_font_size=&#8220;30px&#8220; header_2_letter_spacing=&#8220;1px&#8220; header_2_line_height=&#8220;1.5em&#8220; header_3_font=&#8220;||||||||&#8220; max_width=&#8220;600px&#8220; max_width_last_edited=&#8220;off|desktop&#8220; module_alignment=&#8220;center&#8220; custom_margin=&#8220;|||&#8220;]<\/p>\n<h2>Kontaktiere uns<\/h2>\n<p>[\/et_pb_text][\/et_pb_column][\/et_pb_row][et_pb_row column_structure=&#8220;1_4,1_4,1_4,1_4&#8243; _builder_version=&#8220;4.9.4&#8243;][et_pb_column type=&#8220;1_4&#8243; _builder_version=&#8220;4.4.7&#8243;][et_pb_blurb title=&#8220;Rufen Sie uns an&#8220; use_icon=&#8220;on&#8220; font_icon=&#8220;%%264%%&#8220; icon_color=&#8220;#ffffff&#8220; use_icon_font_size=&#8220;on&#8220; icon_font_size=&#8220;40px&#8220; _builder_version=&#8220;4.9.4&#8243; header_font=&#8220;|||on|||||&#8220; header_text_align=&#8220;center&#8220; header_text_color=&#8220;#ffffff&#8220; body_text_align=&#8220;center&#8220; body_text_color=&#8220;#ffffff&#8220; body_link_text_color=&#8220;#FFFFFF&#8220;]<\/p>\n<p><a href=\"tel:+421547781473\">054 778 14 73<\/a><\/p>\n<p>[\/et_pb_blurb][\/et_pb_column][et_pb_column type=&#8220;1_4&#8243; _builder_version=&#8220;4.4.7&#8243;][et_pb_blurb title=&#8220;Kontaktiere uns&#8220; use_icon=&#8220;on&#8220; font_icon=&#8220;%%238%%&#8220; icon_color=&#8220;#ffffff&#8220; use_icon_font_size=&#8220;on&#8220; icon_font_size=&#8220;40px&#8220; _builder_version=&#8220;4.9.4&#8243; header_font=&#8220;|||on|||||&#8220; header_text_align=&#8220;center&#8220; header_text_color=&#8220;#ffffff&#8220; body_text_align=&#8220;center&#8220; body_text_color=&#8220;#ffffff&#8220; body_link_text_color=&#8220;#FFFFFF&#8220;]<\/p>\n<p><a href=\"mailto:rikostav@rikostav.sk\">rikostav@rikostav.sk<\/a><\/p>\n<p>[\/et_pb_blurb][\/et_pb_column][et_pb_column type=&#8220;1_4&#8243; _builder_version=&#8220;4.4.7&#8243;][et_pb_blurb title=&#8220;Besuchen Sie uns&#8220; use_icon=&#8220;on&#8220; font_icon=&#8220;%%249%%&#8220; icon_color=&#8220;#ffffff&#8220; use_icon_font_size=&#8220;on&#8220; icon_font_size=&#8220;40px&#8220; _builder_version=&#8220;4.9.4&#8243; header_font=&#8220;|||on|||||&#8220; header_text_align=&#8220;center&#8220; header_text_color=&#8220;#ffffff&#8220; body_text_align=&#8220;center&#8220; body_text_color=&#8220;#ffffff&#8220;]<\/p>\n<p>Pre\u0161ovsk\u00e1 4 , Giraltovce,<br \/>Slowakei<\/p>\n<p>[\/et_pb_blurb][\/et_pb_column][et_pb_column type=&#8220;1_4&#8243; _builder_version=&#8220;4.4.7&#8243;][et_pb_blurb title=&#8220;Verf\u00fcgbar&#8220; use_icon=&#8220;on&#8220; font_icon=&#8220;%%227%%&#8220; icon_color=&#8220;#ffffff&#8220; use_icon_font_size=&#8220;on&#8220; icon_font_size=&#8220;40px&#8220; _builder_version=&#8220;4.9.4&#8243; header_font=&#8220;|||on|||||&#8220; header_text_align=&#8220;center&#8220; header_text_color=&#8220;#ffffff&#8220; body_text_align=&#8220;center&#8220; body_text_color=&#8220;#ffffff&#8220;]<\/p>\n<p>Montag &#8211; Freitag<br \/><span style=\"font-size: 16px;\">7:30 &#8211; 16:30<\/span><\/p>\n<p>&nbsp;<\/p>\n<p>[\/et_pb_blurb][\/et_pb_column][\/et_pb_row][et_pb_row _builder_version=&#8220;4.9.4&#8243;][et_pb_column type=&#8220;4_4&#8243; _builder_version=&#8220;4.4.7&#8243;][et_pb_contact_form use_spam_service=&#8220;on&#8220; recaptcha_list=&#8220;Default-0&#8243; email=&#8220;lea@rikostav.sk&#8220; custom_message=&#8220;Odosielate\u013e: %%Name%%||et_pb_line_break_holder||Email: %%Email%%||et_pb_line_break_holder||Tel. \u010d\u00edslo: %%Phone%%||et_pb_line_break_holder||Odkaz: %%Message%%||et_pb_line_break_holder||&#8220; success_message=&#8220;Ihre Nachricht wurde erfolgreich gesendet.&#8220; submit_button_text=&#8220;Senden&#8220; _builder_version=&#8220;4.9.4&#8243; custom_button=&#8220;on&#8220; button_text_color=&#8220;#ffffff&#8220; button_bg_color=&#8220;#ec2227&#8243; button_border_width=&#8220;0px&#8220;][et_pb_contact_field field_id=&#8220;Name&#8220; field_title=&#8220;Name&#8220; fullwidth_field=&#8220;on&#8220; _builder_version=&#8220;4.9.4&#8243; border_radii=&#8220;on|5px|5px|5px|5px&#8220; button_text_size__hover_enabled=&#8220;off&#8220; button_one_text_size__hover_enabled=&#8220;off&#8220; button_two_text_size__hover_enabled=&#8220;off&#8220; button_text_color__hover_enabled=&#8220;off&#8220; button_one_text_color__hover_enabled=&#8220;off&#8220; button_two_text_color__hover_enabled=&#8220;off&#8220; button_border_width__hover_enabled=&#8220;off&#8220; button_one_border_width__hover_enabled=&#8220;off&#8220; button_two_border_width__hover_enabled=&#8220;off&#8220; button_border_color__hover_enabled=&#8220;off&#8220; button_one_border_color__hover_enabled=&#8220;off&#8220; button_two_border_color__hover_enabled=&#8220;off&#8220; button_border_radius__hover_enabled=&#8220;off&#8220; button_one_border_radius__hover_enabled=&#8220;off&#8220; button_two_border_radius__hover_enabled=&#8220;off&#8220; button_letter_spacing__hover_enabled=&#8220;off&#8220; button_one_letter_spacing__hover_enabled=&#8220;off&#8220; button_two_letter_spacing__hover_enabled=&#8220;off&#8220; button_bg_color__hover_enabled=&#8220;off&#8220; button_one_bg_color__hover_enabled=&#8220;off&#8220; button_two_bg_color__hover_enabled=&#8220;off&#8220;][\/et_pb_contact_field][et_pb_contact_field field_id=&#8220;Email&#8220; field_title=&#8220;Email&#8220; field_type=&#8220;email&#8220; _builder_version=&#8220;4.9.4&#8243; border_radii=&#8220;on|5px|5px|5px|5px&#8220; button_text_size__hover_enabled=&#8220;off&#8220; button_one_text_size__hover_enabled=&#8220;off&#8220; button_two_text_size__hover_enabled=&#8220;off&#8220; button_text_color__hover_enabled=&#8220;off&#8220; button_one_text_color__hover_enabled=&#8220;off&#8220; button_two_text_color__hover_enabled=&#8220;off&#8220; button_border_width__hover_enabled=&#8220;off&#8220; button_one_border_width__hover_enabled=&#8220;off&#8220; button_two_border_width__hover_enabled=&#8220;off&#8220; button_border_color__hover_enabled=&#8220;off&#8220; button_one_border_color__hover_enabled=&#8220;off&#8220; button_two_border_color__hover_enabled=&#8220;off&#8220; button_border_radius__hover_enabled=&#8220;off&#8220; button_one_border_radius__hover_enabled=&#8220;off&#8220; button_two_border_radius__hover_enabled=&#8220;off&#8220; button_letter_spacing__hover_enabled=&#8220;off&#8220; button_one_letter_spacing__hover_enabled=&#8220;off&#8220; button_two_letter_spacing__hover_enabled=&#8220;off&#8220; button_bg_color__hover_enabled=&#8220;off&#8220; button_one_bg_color__hover_enabled=&#8220;off&#8220; button_two_bg_color__hover_enabled=&#8220;off&#8220;][\/et_pb_contact_field][et_pb_contact_field field_id=&#8220;Phone&#8220; field_title=&#8220;Telefon&#8220; _builder_version=&#8220;4.9.4&#8243; border_radii=&#8220;on|5px|5px|5px|5px&#8220; button_text_size__hover_enabled=&#8220;off&#8220; button_one_text_size__hover_enabled=&#8220;off&#8220; button_two_text_size__hover_enabled=&#8220;off&#8220; button_text_color__hover_enabled=&#8220;off&#8220; button_one_text_color__hover_enabled=&#8220;off&#8220; button_two_text_color__hover_enabled=&#8220;off&#8220; button_border_width__hover_enabled=&#8220;off&#8220; button_one_border_width__hover_enabled=&#8220;off&#8220; button_two_border_width__hover_enabled=&#8220;off&#8220; button_border_color__hover_enabled=&#8220;off&#8220; button_one_border_color__hover_enabled=&#8220;off&#8220; button_two_border_color__hover_enabled=&#8220;off&#8220; button_border_radius__hover_enabled=&#8220;off&#8220; button_one_border_radius__hover_enabled=&#8220;off&#8220; button_two_border_radius__hover_enabled=&#8220;off&#8220; button_letter_spacing__hover_enabled=&#8220;off&#8220; button_one_letter_spacing__hover_enabled=&#8220;off&#8220; button_two_letter_spacing__hover_enabled=&#8220;off&#8220; button_bg_color__hover_enabled=&#8220;off&#8220; button_one_bg_color__hover_enabled=&#8220;off&#8220; button_two_bg_color__hover_enabled=&#8220;off&#8220;][\/et_pb_contact_field][et_pb_contact_field field_id=&#8220;Message&#8220; field_title=&#8220;Ihre Nachricht&#8220; field_type=&#8220;text&#8220; fullwidth_field=&#8220;on&#8220; _builder_version=&#8220;4.9.4&#8243; border_radii=&#8220;on|5px|5px|5px|5px&#8220; button_text_size__hover_enabled=&#8220;off&#8220; button_one_text_size__hover_enabled=&#8220;off&#8220; button_two_text_size__hover_enabled=&#8220;off&#8220; button_text_color__hover_enabled=&#8220;off&#8220; button_one_text_color__hover_enabled=&#8220;off&#8220; button_two_text_color__hover_enabled=&#8220;off&#8220; button_border_width__hover_enabled=&#8220;off&#8220; button_one_border_width__hover_enabled=&#8220;off&#8220; button_two_border_width__hover_enabled=&#8220;off&#8220; button_border_color__hover_enabled=&#8220;off&#8220; button_one_border_color__hover_enabled=&#8220;off&#8220; button_two_border_color__hover_enabled=&#8220;off&#8220; button_border_radius__hover_enabled=&#8220;off&#8220; button_one_border_radius__hover_enabled=&#8220;off&#8220; button_two_border_radius__hover_enabled=&#8220;off&#8220; button_letter_spacing__hover_enabled=&#8220;off&#8220; button_one_letter_spacing__hover_enabled=&#8220;off&#8220; button_two_letter_spacing__hover_enabled=&#8220;off&#8220; button_bg_color__hover_enabled=&#8220;off&#8220; button_one_bg_color__hover_enabled=&#8220;off&#8220; button_two_bg_color__hover_enabled=&#8220;off&#8220;][\/et_pb_contact_field][et_pb_contact_field field_id=&#8220;GDPR&#8220; field_title=&#8220; &#8220; field_type=&#8220;checkbox&#8220; checkbox_options=&#8220;%91{%22value%22:%22Mit dem Absenden der Anfrage stimme ich der%22,%22checked%22:0,%22dragID%22:-1,%22link_url%22:%22https:\/\/www.rikostav.sk\/zasady-ochrany-osobnych-udajov\/%22,%22link_text%22:%22Verarbeitung personenbezogener Daten zu.%22}%93&#8243; fullwidth_field=&#8220;on&#8220; _builder_version=&#8220;4.9.4&#8243; _module_preset=&#8220;default&#8220; form_field_text_color=&#8220;#FFFFFF&#8220; form_field_font_size=&#8220;12px&#8220; text_orientation=&#8220;left&#8220;][\/et_pb_contact_field][\/et_pb_contact_form][\/et_pb_column][\/et_pb_row][et_pb_row column_structure=&#8220;1_2,1_2&#8243; _builder_version=&#8220;4.9.0&#8243; _module_preset=&#8220;default&#8220; custom_padding=&#8220;||1px|||&#8220;][et_pb_column type=&#8220;1_2&#8243; _builder_version=&#8220;4.9.0&#8243; _module_preset=&#8220;default&#8220;][et_pb_text _builder_version=&#8220;4.9.4&#8243; _module_preset=&#8220;default&#8220; text_font_size=&#8220;12px&#8220; link_text_color=&#8220;#ffffff&#8220; text_orientation=&#8220;center&#8220;]<\/p>\n<p><a title=\"Z\u00e1sady ochrany osobn\u00fdch \u00fadajov\" href=\"https:\/\/www.rikostav.sk\/zasady-ochrany-osobnych-udajov\/\">Datenschutz-Bestimmungen<\/a><\/p>\n<p>[\/et_pb_text][\/et_pb_column][et_pb_column type=&#8220;1_2&#8243; _builder_version=&#8220;4.9.0&#8243; _module_preset=&#8220;default&#8220;][et_pb_text _builder_version=&#8220;4.9.4&#8243; _module_preset=&#8220;default&#8220; text_font_size=&#8220;12px&#8220; link_text_color=&#8220;#ffffff&#8220; text_orientation=&#8220;center&#8220; link_option_url=&#8220;https:\/\/www.rikostav.sk\/zmluvy-a-dokumenty\/&#8220;]<\/p>\n<p><a title=\"Zmluvy a dokumenty\" href=\"https:\/\/www.rikostav.sk\/zmluvy-a-dokumenty\/\">Vertr\u00e4ge und Dokumente<\/a><\/p>\n<p>[\/et_pb_text][\/et_pb_column][\/et_pb_row][\/et_pb_section]<\/p>\n","protected":false},"excerpt":{"rendered":"<p>WIR SIND RIKOSTAV CONTAINER RIKOSTAV CONTAINER, s.r.o. ist ein renommiertes Unternehmen, das sich mit dem Bau, Verkauf und Vermieten von Wohn-, B\u00fcro-, Sanit\u00e4r- und Lagercontainer besch\u00e4ftigt. Unser Unternehmen besch\u00e4ftigt sich auch mit dem Bau von Montageh\u00e4user. Der Bau von Montageh\u00e4user bedeutet die komplette Lieferung des schl\u00fcsselfertigen Fertighauses. Unsere Produkte garantieren hohe Qualit\u00e4t und erf\u00fcllen alle [&hellip;]<\/p>\n","protected":false},"author":1,"featured_media":0,"parent":0,"menu_order":0,"comment_status":"closed","ping_status":"closed","template":"","meta":{"_et_pb_use_builder":"on","_et_pb_old_content":"","_et_gb_content_width":"","inline_featured_image":false,"ngg_post_thumbnail":0,"footnotes":""},"class_list":["post-4587","page","type-page","status-publish","hentry"],"yoast_head":"<!-- This site is optimized with the Yoast SEO plugin v27.4 - https:\/\/yoast.com\/product\/yoast-seo-wordpress\/ -->\n<title>\u00dcber uns - RIKOSTAV CONTAINER Modulare Geb\u00e4ude<\/title>\n<meta name=\"description\" content=\"Modulare Containerkonstruktionen\" \/>\n<meta name=\"robots\" content=\"index, follow, max-snippet:-1, max-image-preview:large, max-video-preview:-1\" \/>\n<link rel=\"canonical\" href=\"https:\/\/www.rikostav.sk\/de\/ueber-uns\/\" \/>\n<meta property=\"og:locale\" content=\"de_DE\" \/>\n<meta property=\"og:type\" content=\"article\" \/>\n<meta property=\"og:title\" content=\"\u00dcber uns - RIKOSTAV CONTAINER Modulare Geb\u00e4ude\" \/>\n<meta property=\"og:description\" content=\"Modulare Containerkonstruktionen\" \/>\n<meta property=\"og:url\" content=\"https:\/\/www.rikostav.sk\/de\/ueber-uns\/\" \/>\n<meta property=\"og:site_name\" content=\"RIKOSTAV CONTAINER Modulare Geb\u00e4ude\" \/>\n<meta property=\"article:modified_time\" content=\"2021-05-31T12:28:43+00:00\" \/>\n<meta name=\"twitter:card\" content=\"summary_large_image\" \/>\n<meta name=\"twitter:label1\" content=\"Gesch\u00e4tzte Lesezeit\" \/>\n\t<meta name=\"twitter:data1\" content=\"3\u00a0Minuten\" \/>\n<script type=\"application\/ld+json\" class=\"yoast-schema-graph\">{\"@context\":\"https:\\\/\\\/schema.org\",\"@graph\":[{\"@type\":\"WebPage\",\"@id\":\"https:\\\/\\\/www.rikostav.sk\\\/de\\\/ueber-uns\\\/\",\"url\":\"https:\\\/\\\/www.rikostav.sk\\\/de\\\/ueber-uns\\\/\",\"name\":\"\u00dcber uns - RIKOSTAV CONTAINER Modulare Geb\u00e4ude\",\"isPartOf\":{\"@id\":\"https:\\\/\\\/www.rikostav.sk\\\/#website\"},\"datePublished\":\"2021-05-28T13:43:28+00:00\",\"dateModified\":\"2021-05-31T12:28:43+00:00\",\"description\":\"Modulare Containerkonstruktionen\",\"breadcrumb\":{\"@id\":\"https:\\\/\\\/www.rikostav.sk\\\/de\\\/ueber-uns\\\/#breadcrumb\"},\"inLanguage\":\"de\",\"potentialAction\":[{\"@type\":\"ReadAction\",\"target\":[\"https:\\\/\\\/www.rikostav.sk\\\/de\\\/ueber-uns\\\/\"]}]},{\"@type\":\"BreadcrumbList\",\"@id\":\"https:\\\/\\\/www.rikostav.sk\\\/de\\\/ueber-uns\\\/#breadcrumb\",\"itemListElement\":[{\"@type\":\"ListItem\",\"position\":1,\"name\":\"Home\",\"item\":\"https:\\\/\\\/www.rikostav.sk\\\/de\\\/\"},{\"@type\":\"ListItem\",\"position\":2,\"name\":\"\u00dcber uns\"}]},{\"@type\":\"WebSite\",\"@id\":\"https:\\\/\\\/www.rikostav.sk\\\/#website\",\"url\":\"https:\\\/\\\/www.rikostav.sk\\\/\",\"name\":\"RIKOSTAV CONTAINER Modulare Geb\u00e4ude\",\"description\":\"Modulare Containerkonstruktionen\",\"potentialAction\":[{\"@type\":\"SearchAction\",\"target\":{\"@type\":\"EntryPoint\",\"urlTemplate\":\"https:\\\/\\\/www.rikostav.sk\\\/?s={search_term_string}\"},\"query-input\":{\"@type\":\"PropertyValueSpecification\",\"valueRequired\":true,\"valueName\":\"search_term_string\"}}],\"inLanguage\":\"de\"}]}<\/script>\n<!-- \/ Yoast SEO plugin. -->","yoast_head_json":{"title":"\u00dcber uns - RIKOSTAV CONTAINER Modulare Geb\u00e4ude","description":"Modulare Containerkonstruktionen","robots":{"index":"index","follow":"follow","max-snippet":"max-snippet:-1","max-image-preview":"max-image-preview:large","max-video-preview":"max-video-preview:-1"},"canonical":"https:\/\/www.rikostav.sk\/de\/ueber-uns\/","og_locale":"de_DE","og_type":"article","og_title":"\u00dcber uns - RIKOSTAV CONTAINER Modulare Geb\u00e4ude","og_description":"Modulare Containerkonstruktionen","og_url":"https:\/\/www.rikostav.sk\/de\/ueber-uns\/","og_site_name":"RIKOSTAV CONTAINER Modulare Geb\u00e4ude","article_modified_time":"2021-05-31T12:28:43+00:00","twitter_card":"summary_large_image","twitter_misc":{"Gesch\u00e4tzte Lesezeit":"3\u00a0Minuten"},"schema":{"@context":"https:\/\/schema.org","@graph":[{"@type":"WebPage","@id":"https:\/\/www.rikostav.sk\/de\/ueber-uns\/","url":"https:\/\/www.rikostav.sk\/de\/ueber-uns\/","name":"\u00dcber uns - RIKOSTAV CONTAINER Modulare Geb\u00e4ude","isPartOf":{"@id":"https:\/\/www.rikostav.sk\/#website"},"datePublished":"2021-05-28T13:43:28+00:00","dateModified":"2021-05-31T12:28:43+00:00","description":"Modulare Containerkonstruktionen","breadcrumb":{"@id":"https:\/\/www.rikostav.sk\/de\/ueber-uns\/#breadcrumb"},"inLanguage":"de","potentialAction":[{"@type":"ReadAction","target":["https:\/\/www.rikostav.sk\/de\/ueber-uns\/"]}]},{"@type":"BreadcrumbList","@id":"https:\/\/www.rikostav.sk\/de\/ueber-uns\/#breadcrumb","itemListElement":[{"@type":"ListItem","position":1,"name":"Home","item":"https:\/\/www.rikostav.sk\/de\/"},{"@type":"ListItem","position":2,"name":"\u00dcber uns"}]},{"@type":"WebSite","@id":"https:\/\/www.rikostav.sk\/#website","url":"https:\/\/www.rikostav.sk\/","name":"RIKOSTAV CONTAINER Modulare Geb\u00e4ude","description":"Modulare Containerkonstruktionen","potentialAction":[{"@type":"SearchAction","target":{"@type":"EntryPoint","urlTemplate":"https:\/\/www.rikostav.sk\/?s={search_term_string}"},"query-input":{"@type":"PropertyValueSpecification","valueRequired":true,"valueName":"search_term_string"}}],"inLanguage":"de"}]}},"_links":{"self":[{"href":"https:\/\/www.rikostav.sk\/de\/wp-json\/wp\/v2\/pages\/4587","targetHints":{"allow":["GET"]}}],"collection":[{"href":"https:\/\/www.rikostav.sk\/de\/wp-json\/wp\/v2\/pages"}],"about":[{"href":"https:\/\/www.rikostav.sk\/de\/wp-json\/wp\/v2\/types\/page"}],"author":[{"embeddable":true,"href":"https:\/\/www.rikostav.sk\/de\/wp-json\/wp\/v2\/users\/1"}],"replies":[{"embeddable":true,"href":"https:\/\/www.rikostav.sk\/de\/wp-json\/wp\/v2\/comments?post=4587"}],"version-history":[{"count":4,"href":"https:\/\/www.rikostav.sk\/de\/wp-json\/wp\/v2\/pages\/4587\/revisions"}],"predecessor-version":[{"id":4787,"href":"https:\/\/www.rikostav.sk\/de\/wp-json\/wp\/v2\/pages\/4587\/revisions\/4787"}],"wp:attachment":[{"href":"https:\/\/www.rikostav.sk\/de\/wp-json\/wp\/v2\/media?parent=4587"}],"curies":[{"name":"wp","href":"https:\/\/api.w.org\/{rel}","templated":true}]}}