{"id":3272,"date":"2021-04-20T16:12:52","date_gmt":"2021-04-20T14:12:52","guid":{"rendered":"https:\/\/www.rikostav.sk\/?page_id=3272"},"modified":"2021-10-22T15:04:38","modified_gmt":"2021-10-22T13:04:38","slug":"about-us","status":"publish","type":"page","link":"https:\/\/www.rikostav.sk\/en\/about-us\/","title":{"rendered":"About Us"},"content":{"rendered":"<p>[et_pb_section fb_built=&#8221;1&#8243; fullwidth=&#8221;on&#8221; _builder_version=&#8221;4.9.0&#8243; saved_tabs=&#8221;all&#8221; global_colors_info=&#8221;{}&#8221;][et_pb_fullwidth_header title=&#8221;@ET-DC@eyJkeW5hbWljIjp0cnVlLCJjb250ZW50IjoicG9zdF90aXRsZSIsInNldHRpbmdzIjp7ImJlZm9yZSI6IiIsImFmdGVyIjoiIn19@&#8221; _builder_version=&#8221;4.9.0&#8243; _dynamic_attributes=&#8221;title&#8221; title_font=&#8221;|700||on|||||&#8221; background_color=&#8221;#282663&#8243; global_colors_info=&#8221;{}&#8221;][\/et_pb_fullwidth_header][\/et_pb_section][et_pb_section fb_built=&#8221;1&#8243; _builder_version=&#8221;4.4.7&#8243; global_colors_info=&#8221;{}&#8221;][et_pb_row _builder_version=&#8221;4.4.7&#8243; global_colors_info=&#8221;{}&#8221;][et_pb_column type=&#8221;4_4&#8243; _builder_version=&#8221;4.4.7&#8243; global_colors_info=&#8221;{}&#8221;][et_pb_text _builder_version=&#8221;4.9.4&#8243; header_2_font=&#8221;|700||on|||||&#8221; header_2_text_color=&#8221;#ec2227&#8243; header_2_font_size=&#8221;29px&#8221; hover_enabled=&#8221;0&#8243; global_colors_info=&#8221;{}&#8221; sticky_enabled=&#8221;0&#8243;]<\/p>\n<div class=\"av-special-heading av-special-heading-h1  blockquote classic-quote  avia-builder-el-4  el_before_av_textblock  avia-builder-el-first   \">\n<h2 class=\"av-special-heading-tag \" style=\"text-align: center;\">We are\u00a0 RIKOSTAV CONTAINER<\/h2>\n<\/div>\n<section class=\"av_textblock_section \">\n<div class=\"avia_textblock  \">\u00a0<\/div>\n<\/section>\n<p>[\/et_pb_text][\/et_pb_column][\/et_pb_row][et_pb_row _builder_version=&#8221;4.4.7&#8243; global_colors_info=&#8221;{}&#8221;][et_pb_column type=&#8221;4_4&#8243; _builder_version=&#8221;4.4.7&#8243; global_colors_info=&#8221;{}&#8221;][et_pb_text _builder_version=&#8221;4.10.1&#8243; hover_enabled=&#8221;0&#8243; global_colors_info=&#8221;{}&#8221; sticky_enabled=&#8221;0&#8243;]<\/p>\n<p style=\"text-align: justify;\">RIKOSTAV CONTAINER, s.r.o. is a renowned company engaged in the production, sale and rental of residential, office, sanitary and warehouse containers. The production of kit homes is also our company\u2019s concern. This includes a full turnkey delivery of the kit house. Our products are characterized by a high quality of production and the actual implementation meet all the requirements of modern buildings.<\/p>\n<p style=\"text-align: justify;\">The company\u2019s activity also demonstrates the ability to adapt to the different conditions of the country\u2019s standards. The design of the individual products differs from the customer\u2019s requirements and the demands.<\/p>\n<p style=\"text-align: justify;\">Our company\u2019s main advantage is operability, flexibility, fast and quality realization from the signing of the contract up to the final delivery to the customer.<br \/>We are a company engaged in the production, sale and rental of residential, office, sanitary and warehouse containers. The production of kit homes is also our company\u2019s concern. This includes a full turnkey delivery of the kit house. Our products are characterized by a high quality of production and the actual implementation meet all the requirements of modern buildings.<\/p>\n<p style=\"text-align: justify;\">Modular houses and buildings are delivered either on the basis of project documentation according to customer\u2019s preference, \u201ctailor-made\u201d or in the form of a standardized modular house from our catalog.<\/p>\n<p style=\"text-align: justify;\">We have built many homes, administrative buildings, nurseries, schools, dormitories and other functional buildings during our business activity.<br \/>Most of our buildings are built throughout the Europe, especially in Germany, Belgium, the Netherlands and France. At present, we have begun to build family homes intensively in the Slovak and Czech Republic, too.<\/p>\n<p style=\"text-align: justify;\">The company\u2019 s activity also demonstrates the ability to adapt to the different conditions of the country\u2019s standards. The design of the individual products differs from the customer\u2019 s requirements and the demands. We have a lot of experience in constructing different types of buildings in different climatic conditions.<\/p>\n<p>[\/et_pb_text][et_pb_text _builder_version=&#8221;4.10.1&#8243; _module_preset=&#8221;default&#8221; hover_enabled=&#8221;0&#8243; global_colors_info=&#8221;{}&#8221; sticky_enabled=&#8221;0&#8243;]ngg_shortcode_0_placeholder[\/et_pb_text][\/et_pb_column][\/et_pb_row][\/et_pb_section][et_pb_section fb_built=&#8221;1&#8243; _builder_version=&#8221;4.9.0&#8243; background_color=&#8221;#282663&#8243; custom_padding=&#8221;||20px|||&#8221; global_module=&#8221;2791&#8243; saved_tabs=&#8221;all&#8221; global_colors_info=&#8221;{%22gcid-b40f3e1f-1689-402f-9f34-d73fb856749f%22:%91%22background_color%22%93}&#8221;][et_pb_row _builder_version=&#8221;4.4.7&#8243; global_colors_info=&#8221;{}&#8221;][et_pb_column type=&#8221;4_4&#8243; _builder_version=&#8221;4.4.7&#8243; global_colors_info=&#8221;{}&#8221;][et_pb_text admin_label=&#8221;Tittle&#8221; _builder_version=&#8221;4.9.4&#8243; text_font=&#8221;Nunito||||||||&#8221; text_font_size=&#8221;18px&#8221; text_line_height=&#8221;1.8em&#8221; header_font=&#8221;||||||||&#8221; header_2_font=&#8221;|700||on|||||&#8221; header_2_text_align=&#8221;center&#8221; header_2_text_color=&#8221;#ffffff&#8221; header_2_font_size=&#8221;30px&#8221; header_2_letter_spacing=&#8221;1px&#8221; header_2_line_height=&#8221;1.5em&#8221; header_3_font=&#8221;||||||||&#8221; max_width=&#8221;600px&#8221; max_width_last_edited=&#8221;off|desktop&#8221; module_alignment=&#8221;center&#8221; custom_margin=&#8221;|||&#8221; global_colors_info=&#8221;{}&#8221;]<\/p>\n<h2>Contact us<\/h2>\n<p>[\/et_pb_text][\/et_pb_column][\/et_pb_row][et_pb_row column_structure=&#8221;1_4,1_4,1_4,1_4&#8243; use_custom_gutter=&#8221;on&#8221; gutter_width=&#8221;1&#8243; _builder_version=&#8221;4.9.4&#8243; global_colors_info=&#8221;{}&#8221;][et_pb_column type=&#8221;1_4&#8243; _builder_version=&#8221;4.4.7&#8243; global_colors_info=&#8221;{}&#8221;][et_pb_blurb title=&#8221;Call us&#8221; use_icon=&#8221;on&#8221; font_icon=&#8221;%%264%%&#8221; icon_color=&#8221;#ffffff&#8221; use_icon_font_size=&#8221;on&#8221; icon_font_size=&#8221;40px&#8221; _builder_version=&#8221;4.9.4&#8243; header_font=&#8221;|||on|||||&#8221; header_text_align=&#8221;center&#8221; header_text_color=&#8221;#ffffff&#8221; body_text_align=&#8221;center&#8221; body_text_color=&#8221;#ffffff&#8221; body_link_text_color=&#8221;#FFFFFF&#8221; global_colors_info=&#8221;{}&#8221;]<\/p>\n<p><a href=\"tel:+421547781473\">+421 54 778 14 73<\/a><\/p>\n<p>[\/et_pb_blurb][\/et_pb_column][et_pb_column type=&#8221;1_4&#8243; _builder_version=&#8221;4.4.7&#8243; global_colors_info=&#8221;{}&#8221;][et_pb_blurb title=&#8221;Write us&#8221; use_icon=&#8221;on&#8221; font_icon=&#8221;%%238%%&#8221; icon_color=&#8221;#ffffff&#8221; use_icon_font_size=&#8221;on&#8221; icon_font_size=&#8221;40px&#8221; _builder_version=&#8221;4.9.4&#8243; header_font=&#8221;|||on|||||&#8221; header_text_align=&#8221;center&#8221; header_text_color=&#8221;#ffffff&#8221; body_text_align=&#8221;center&#8221; body_text_color=&#8221;#ffffff&#8221; body_link_text_color=&#8221;#FFFFFF&#8221; global_colors_info=&#8221;{}&#8221;]<\/p>\n<p><a href=\"mailto:rikostav@rikostav.sk\">rikostav@rikostav.sk<\/a><\/p>\n<p>[\/et_pb_blurb][\/et_pb_column][et_pb_column type=&#8221;1_4&#8243; _builder_version=&#8221;4.4.7&#8243; global_colors_info=&#8221;{}&#8221;][et_pb_blurb title=&#8221;Contact us&#8221; use_icon=&#8221;on&#8221; font_icon=&#8221;%%249%%&#8221; icon_color=&#8221;#ffffff&#8221; use_icon_font_size=&#8221;on&#8221; icon_font_size=&#8221;40px&#8221; _builder_version=&#8221;4.9.4&#8243; header_font=&#8221;|||on|||||&#8221; header_text_align=&#8221;center&#8221; header_text_color=&#8221;#ffffff&#8221; body_text_align=&#8221;center&#8221; body_text_color=&#8221;#ffffff&#8221; global_colors_info=&#8221;{}&#8221;]<\/p>\n<p>Pre\u0161ovsk\u00e1 4 , Giraltovce<\/p>\n<p>[\/et_pb_blurb][\/et_pb_column][et_pb_column type=&#8221;1_4&#8243; _builder_version=&#8221;4.4.7&#8243; global_colors_info=&#8221;{}&#8221;][et_pb_blurb title=&#8221;We are available to you&#8221; use_icon=&#8221;on&#8221; font_icon=&#8221;%%227%%&#8221; icon_color=&#8221;#ffffff&#8221; use_icon_font_size=&#8221;on&#8221; icon_font_size=&#8221;40px&#8221; _builder_version=&#8221;4.9.4&#8243; header_font=&#8221;|||on|||||&#8221; header_text_align=&#8221;center&#8221; header_text_color=&#8221;#ffffff&#8221; body_text_align=&#8221;center&#8221; body_text_color=&#8221;#ffffff&#8221; global_colors_info=&#8221;{}&#8221;]<\/p>\n<p>Monday &#8211; Friday<br \/><span style=\"font-size: 16px;\">7:30 &#8211; 16:30<\/span><\/p>\n<p>&nbsp;<\/p>\n<p>[\/et_pb_blurb][\/et_pb_column][\/et_pb_row][et_pb_row _builder_version=&#8221;4.9.0&#8243; global_colors_info=&#8221;{}&#8221;][et_pb_column type=&#8221;4_4&#8243; _builder_version=&#8221;4.4.7&#8243; global_colors_info=&#8221;{}&#8221;][et_pb_contact_form use_spam_service=&#8221;on&#8221; recaptcha_list=&#8221;Default|Default-0&#8243; email=&#8221;lea@rikostav.sk&#8221; custom_message=&#8221;Od: %%Name%%||et_pb_line_break_holder||Email: %%Email%%||et_pb_line_break_holder||Telef\u00f3n: %%Phone%% ||et_pb_line_break_holder||||et_pb_line_break_holder||Odkaz: %%Message%%&#8221; submit_button_text=&#8221;Send&#8221; _builder_version=&#8221;4.10.1&#8243; custom_button=&#8221;on&#8221; button_text_color=&#8221;#ffffff&#8221; button_bg_color=&#8221;#ec2227&#8243; button_border_width=&#8221;0px&#8221; global_colors_info=&#8221;{}&#8221;][et_pb_contact_field field_id=&#8221;Name&#8221; field_title=&#8221;Name&#8221; fullwidth_field=&#8221;on&#8221; _builder_version=&#8221;4.9.4&#8243; border_radii=&#8221;on|5px|5px|5px|5px&#8221; global_colors_info=&#8221;{}&#8221; button_text_size__hover_enabled=&#8221;off&#8221; button_one_text_size__hover_enabled=&#8221;off&#8221; button_two_text_size__hover_enabled=&#8221;off&#8221; button_text_color__hover_enabled=&#8221;off&#8221; button_one_text_color__hover_enabled=&#8221;off&#8221; button_two_text_color__hover_enabled=&#8221;off&#8221; button_border_width__hover_enabled=&#8221;off&#8221; button_one_border_width__hover_enabled=&#8221;off&#8221; button_two_border_width__hover_enabled=&#8221;off&#8221; button_border_color__hover_enabled=&#8221;off&#8221; button_one_border_color__hover_enabled=&#8221;off&#8221; button_two_border_color__hover_enabled=&#8221;off&#8221; button_border_radius__hover_enabled=&#8221;off&#8221; button_one_border_radius__hover_enabled=&#8221;off&#8221; button_two_border_radius__hover_enabled=&#8221;off&#8221; button_letter_spacing__hover_enabled=&#8221;off&#8221; button_one_letter_spacing__hover_enabled=&#8221;off&#8221; button_two_letter_spacing__hover_enabled=&#8221;off&#8221; button_bg_color__hover_enabled=&#8221;off&#8221; button_one_bg_color__hover_enabled=&#8221;off&#8221; button_two_bg_color__hover_enabled=&#8221;off&#8221;][\/et_pb_contact_field][et_pb_contact_field field_id=&#8221;Email&#8221; field_title=&#8221;Email&#8221; field_type=&#8221;email&#8221; _builder_version=&#8221;4.9.4&#8243; border_radii=&#8221;on|5px|5px|5px|5px&#8221; global_colors_info=&#8221;{}&#8221; button_text_size__hover_enabled=&#8221;off&#8221; button_one_text_size__hover_enabled=&#8221;off&#8221; button_two_text_size__hover_enabled=&#8221;off&#8221; button_text_color__hover_enabled=&#8221;off&#8221; button_one_text_color__hover_enabled=&#8221;off&#8221; button_two_text_color__hover_enabled=&#8221;off&#8221; button_border_width__hover_enabled=&#8221;off&#8221; button_one_border_width__hover_enabled=&#8221;off&#8221; button_two_border_width__hover_enabled=&#8221;off&#8221; button_border_color__hover_enabled=&#8221;off&#8221; button_one_border_color__hover_enabled=&#8221;off&#8221; button_two_border_color__hover_enabled=&#8221;off&#8221; button_border_radius__hover_enabled=&#8221;off&#8221; button_one_border_radius__hover_enabled=&#8221;off&#8221; button_two_border_radius__hover_enabled=&#8221;off&#8221; button_letter_spacing__hover_enabled=&#8221;off&#8221; button_one_letter_spacing__hover_enabled=&#8221;off&#8221; button_two_letter_spacing__hover_enabled=&#8221;off&#8221; button_bg_color__hover_enabled=&#8221;off&#8221; button_one_bg_color__hover_enabled=&#8221;off&#8221; button_two_bg_color__hover_enabled=&#8221;off&#8221;][\/et_pb_contact_field][et_pb_contact_field field_id=&#8221;Phone&#8221; field_title=&#8221;Phone&#8221; _builder_version=&#8221;4.9.4&#8243; border_radii=&#8221;on|5px|5px|5px|5px&#8221; global_colors_info=&#8221;{}&#8221; button_text_size__hover_enabled=&#8221;off&#8221; button_one_text_size__hover_enabled=&#8221;off&#8221; button_two_text_size__hover_enabled=&#8221;off&#8221; button_text_color__hover_enabled=&#8221;off&#8221; button_one_text_color__hover_enabled=&#8221;off&#8221; button_two_text_color__hover_enabled=&#8221;off&#8221; button_border_width__hover_enabled=&#8221;off&#8221; button_one_border_width__hover_enabled=&#8221;off&#8221; button_two_border_width__hover_enabled=&#8221;off&#8221; button_border_color__hover_enabled=&#8221;off&#8221; button_one_border_color__hover_enabled=&#8221;off&#8221; button_two_border_color__hover_enabled=&#8221;off&#8221; button_border_radius__hover_enabled=&#8221;off&#8221; button_one_border_radius__hover_enabled=&#8221;off&#8221; button_two_border_radius__hover_enabled=&#8221;off&#8221; button_letter_spacing__hover_enabled=&#8221;off&#8221; button_one_letter_spacing__hover_enabled=&#8221;off&#8221; button_two_letter_spacing__hover_enabled=&#8221;off&#8221; button_bg_color__hover_enabled=&#8221;off&#8221; button_one_bg_color__hover_enabled=&#8221;off&#8221; button_two_bg_color__hover_enabled=&#8221;off&#8221;][\/et_pb_contact_field][et_pb_contact_field field_id=&#8221;Message&#8221; field_title=&#8221;Your message&#8221; field_type=&#8221;text&#8221; fullwidth_field=&#8221;on&#8221; _builder_version=&#8221;4.9.4&#8243; border_radii=&#8221;on|5px|5px|5px|5px&#8221; global_colors_info=&#8221;{}&#8221; button_text_size__hover_enabled=&#8221;off&#8221; button_one_text_size__hover_enabled=&#8221;off&#8221; button_two_text_size__hover_enabled=&#8221;off&#8221; button_text_color__hover_enabled=&#8221;off&#8221; button_one_text_color__hover_enabled=&#8221;off&#8221; button_two_text_color__hover_enabled=&#8221;off&#8221; button_border_width__hover_enabled=&#8221;off&#8221; button_one_border_width__hover_enabled=&#8221;off&#8221; button_two_border_width__hover_enabled=&#8221;off&#8221; button_border_color__hover_enabled=&#8221;off&#8221; button_one_border_color__hover_enabled=&#8221;off&#8221; button_two_border_color__hover_enabled=&#8221;off&#8221; button_border_radius__hover_enabled=&#8221;off&#8221; button_one_border_radius__hover_enabled=&#8221;off&#8221; button_two_border_radius__hover_enabled=&#8221;off&#8221; button_letter_spacing__hover_enabled=&#8221;off&#8221; button_one_letter_spacing__hover_enabled=&#8221;off&#8221; button_two_letter_spacing__hover_enabled=&#8221;off&#8221; button_bg_color__hover_enabled=&#8221;off&#8221; button_one_bg_color__hover_enabled=&#8221;off&#8221; button_two_bg_color__hover_enabled=&#8221;off&#8221;][\/et_pb_contact_field][et_pb_contact_field field_id=&#8221;GDPR&#8221; field_title=&#8221; &#8221; field_type=&#8221;checkbox&#8221; checkbox_options=&#8221;%91{%22value%22:%22I consent to %22,%22checked%22:0,%22dragID%22:-1,%22link_url%22:%22https:\/\/www.rikostav.sk\/zasady-ochrany-osobnych-udajov\/%22,%22link_text%22:%22the processing of my personal data.%22}%93&#8243; fullwidth_field=&#8221;on&#8221; _builder_version=&#8221;4.9.4&#8243; _module_preset=&#8221;default&#8221; form_field_text_color=&#8221;#FFFFFF&#8221; form_field_font_size=&#8221;12px&#8221; text_orientation=&#8221;left&#8221; global_colors_info=&#8221;{}&#8221;][\/et_pb_contact_field][\/et_pb_contact_form][\/et_pb_column][\/et_pb_row][et_pb_row column_structure=&#8221;1_2,1_2&#8243; _builder_version=&#8221;4.9.0&#8243; _module_preset=&#8221;default&#8221; custom_padding=&#8221;||1px|||&#8221; global_colors_info=&#8221;{}&#8221;][et_pb_column type=&#8221;1_2&#8243; _builder_version=&#8221;4.9.0&#8243; _module_preset=&#8221;default&#8221; global_colors_info=&#8221;{}&#8221;][et_pb_text _builder_version=&#8221;4.9.4&#8243; _module_preset=&#8221;default&#8221; text_font_size=&#8221;12px&#8221; link_text_color=&#8221;#ffffff&#8221; text_orientation=&#8221;center&#8221; global_colors_info=&#8221;{}&#8221;]<\/p>\n<p><a title=\"Z\u00e1sady ochrany osobn\u00fdch \u00fadajov\" href=\"https:\/\/www.rikostav.sk\/zasady-ochrany-osobnych-udajov\/\">Privacy policy<\/a><\/p>\n<p>[\/et_pb_text][\/et_pb_column][et_pb_column type=&#8221;1_2&#8243; _builder_version=&#8221;4.9.0&#8243; _module_preset=&#8221;default&#8221; global_colors_info=&#8221;{}&#8221;][et_pb_text _builder_version=&#8221;4.9.4&#8243; _module_preset=&#8221;default&#8221; text_font_size=&#8221;12px&#8221; link_text_color=&#8221;#ffffff&#8221; text_orientation=&#8221;center&#8221; link_option_url=&#8221;https:\/\/www.rikostav.sk\/zmluvy-a-dokumenty\/&#8221; global_colors_info=&#8221;{}&#8221;]<\/p>\n<p><a title=\"Zmluvy a dokumenty\" href=\"https:\/\/www.rikostav.sk\/zmluvy-a-dokumenty\/\">Contracts and documents<\/a><\/p>\n<p>[\/et_pb_text][\/et_pb_column][\/et_pb_row][\/et_pb_section]<\/p>\n","protected":false},"excerpt":{"rendered":"<p>We are\u00a0 RIKOSTAV CONTAINER \u00a0 RIKOSTAV CONTAINER, s.r.o. is a renowned company engaged in the production, sale and rental of residential, office, sanitary and warehouse containers. The production of kit homes is also our company\u2019s concern. This includes a full turnkey delivery of the kit house. Our products are characterized by a high quality of [&hellip;]<\/p>\n","protected":false},"author":1,"featured_media":0,"parent":0,"menu_order":0,"comment_status":"closed","ping_status":"closed","template":"","meta":{"_et_pb_use_builder":"on","_et_pb_old_content":"","_et_gb_content_width":"","inline_featured_image":false,"ngg_post_thumbnail":0,"footnotes":""},"class_list":["post-3272","page","type-page","status-publish","hentry"],"yoast_head":"<!-- This site is optimized with the Yoast SEO plugin v27.4 - https:\/\/yoast.com\/product\/yoast-seo-wordpress\/ -->\n<title>About Us - RIKOSTAV CONTAINER Modular buildings<\/title>\n<meta name=\"description\" content=\"Modular container constructions\" \/>\n<meta name=\"robots\" content=\"index, follow, max-snippet:-1, max-image-preview:large, max-video-preview:-1\" \/>\n<link rel=\"canonical\" href=\"https:\/\/www.rikostav.sk\/en\/about-us\/\" \/>\n<meta property=\"og:locale\" content=\"en_US\" \/>\n<meta property=\"og:type\" content=\"article\" \/>\n<meta property=\"og:title\" content=\"About Us - RIKOSTAV CONTAINER Modular buildings\" \/>\n<meta property=\"og:description\" content=\"Modular container constructions\" \/>\n<meta property=\"og:url\" content=\"https:\/\/www.rikostav.sk\/en\/about-us\/\" \/>\n<meta property=\"og:site_name\" content=\"RIKOSTAV CONTAINER Modular buildings\" \/>\n<meta property=\"article:modified_time\" content=\"2021-10-22T13:04:38+00:00\" \/>\n<meta name=\"twitter:card\" content=\"summary_large_image\" \/>\n<meta name=\"twitter:label1\" content=\"Est. reading time\" \/>\n\t<meta name=\"twitter:data1\" content=\"3 minutes\" \/>\n<script type=\"application\/ld+json\" class=\"yoast-schema-graph\">{\"@context\":\"https:\\\/\\\/schema.org\",\"@graph\":[{\"@type\":\"WebPage\",\"@id\":\"https:\\\/\\\/www.rikostav.sk\\\/en\\\/about-us\\\/\",\"url\":\"https:\\\/\\\/www.rikostav.sk\\\/en\\\/about-us\\\/\",\"name\":\"About Us - RIKOSTAV CONTAINER Modular buildings\",\"isPartOf\":{\"@id\":\"https:\\\/\\\/www.rikostav.sk\\\/#website\"},\"datePublished\":\"2021-04-20T14:12:52+00:00\",\"dateModified\":\"2021-10-22T13:04:38+00:00\",\"description\":\"Modular container constructions\",\"breadcrumb\":{\"@id\":\"https:\\\/\\\/www.rikostav.sk\\\/en\\\/about-us\\\/#breadcrumb\"},\"inLanguage\":\"en-US\",\"potentialAction\":[{\"@type\":\"ReadAction\",\"target\":[\"https:\\\/\\\/www.rikostav.sk\\\/en\\\/about-us\\\/\"]}]},{\"@type\":\"BreadcrumbList\",\"@id\":\"https:\\\/\\\/www.rikostav.sk\\\/en\\\/about-us\\\/#breadcrumb\",\"itemListElement\":[{\"@type\":\"ListItem\",\"position\":1,\"name\":\"Home\",\"item\":\"https:\\\/\\\/www.rikostav.sk\\\/en\\\/\"},{\"@type\":\"ListItem\",\"position\":2,\"name\":\"About Us\"}]},{\"@type\":\"WebSite\",\"@id\":\"https:\\\/\\\/www.rikostav.sk\\\/#website\",\"url\":\"https:\\\/\\\/www.rikostav.sk\\\/\",\"name\":\"RIKOSTAV CONTAINER Modular buildings\",\"description\":\"Modular container constructions\",\"potentialAction\":[{\"@type\":\"SearchAction\",\"target\":{\"@type\":\"EntryPoint\",\"urlTemplate\":\"https:\\\/\\\/www.rikostav.sk\\\/?s={search_term_string}\"},\"query-input\":{\"@type\":\"PropertyValueSpecification\",\"valueRequired\":true,\"valueName\":\"search_term_string\"}}],\"inLanguage\":\"en-US\"}]}<\/script>\n<!-- \/ Yoast SEO plugin. -->","yoast_head_json":{"title":"About Us - RIKOSTAV CONTAINER Modular buildings","description":"Modular container constructions","robots":{"index":"index","follow":"follow","max-snippet":"max-snippet:-1","max-image-preview":"max-image-preview:large","max-video-preview":"max-video-preview:-1"},"canonical":"https:\/\/www.rikostav.sk\/en\/about-us\/","og_locale":"en_US","og_type":"article","og_title":"About Us - RIKOSTAV CONTAINER Modular buildings","og_description":"Modular container constructions","og_url":"https:\/\/www.rikostav.sk\/en\/about-us\/","og_site_name":"RIKOSTAV CONTAINER Modular buildings","article_modified_time":"2021-10-22T13:04:38+00:00","twitter_card":"summary_large_image","twitter_misc":{"Est. reading time":"3 minutes"},"schema":{"@context":"https:\/\/schema.org","@graph":[{"@type":"WebPage","@id":"https:\/\/www.rikostav.sk\/en\/about-us\/","url":"https:\/\/www.rikostav.sk\/en\/about-us\/","name":"About Us - RIKOSTAV CONTAINER Modular buildings","isPartOf":{"@id":"https:\/\/www.rikostav.sk\/#website"},"datePublished":"2021-04-20T14:12:52+00:00","dateModified":"2021-10-22T13:04:38+00:00","description":"Modular container constructions","breadcrumb":{"@id":"https:\/\/www.rikostav.sk\/en\/about-us\/#breadcrumb"},"inLanguage":"en-US","potentialAction":[{"@type":"ReadAction","target":["https:\/\/www.rikostav.sk\/en\/about-us\/"]}]},{"@type":"BreadcrumbList","@id":"https:\/\/www.rikostav.sk\/en\/about-us\/#breadcrumb","itemListElement":[{"@type":"ListItem","position":1,"name":"Home","item":"https:\/\/www.rikostav.sk\/en\/"},{"@type":"ListItem","position":2,"name":"About Us"}]},{"@type":"WebSite","@id":"https:\/\/www.rikostav.sk\/#website","url":"https:\/\/www.rikostav.sk\/","name":"RIKOSTAV CONTAINER Modular buildings","description":"Modular container constructions","potentialAction":[{"@type":"SearchAction","target":{"@type":"EntryPoint","urlTemplate":"https:\/\/www.rikostav.sk\/?s={search_term_string}"},"query-input":{"@type":"PropertyValueSpecification","valueRequired":true,"valueName":"search_term_string"}}],"inLanguage":"en-US"}]}},"_links":{"self":[{"href":"https:\/\/www.rikostav.sk\/en\/wp-json\/wp\/v2\/pages\/3272","targetHints":{"allow":["GET"]}}],"collection":[{"href":"https:\/\/www.rikostav.sk\/en\/wp-json\/wp\/v2\/pages"}],"about":[{"href":"https:\/\/www.rikostav.sk\/en\/wp-json\/wp\/v2\/types\/page"}],"author":[{"embeddable":true,"href":"https:\/\/www.rikostav.sk\/en\/wp-json\/wp\/v2\/users\/1"}],"replies":[{"embeddable":true,"href":"https:\/\/www.rikostav.sk\/en\/wp-json\/wp\/v2\/comments?post=3272"}],"version-history":[{"count":6,"href":"https:\/\/www.rikostav.sk\/en\/wp-json\/wp\/v2\/pages\/3272\/revisions"}],"predecessor-version":[{"id":5343,"href":"https:\/\/www.rikostav.sk\/en\/wp-json\/wp\/v2\/pages\/3272\/revisions\/5343"}],"wp:attachment":[{"href":"https:\/\/www.rikostav.sk\/en\/wp-json\/wp\/v2\/media?parent=3272"}],"curies":[{"name":"wp","href":"https:\/\/api.w.org\/{rel}","templated":true}]}}